{"id":1891,"date":"2026-01-05T10:59:09","date_gmt":"2026-01-05T10:59:09","guid":{"rendered":"https:\/\/nbamenage.com\/?page_id=1891"},"modified":"2026-01-05T22:20:05","modified_gmt":"2026-01-05T22:20:05","slug":"blog","status":"publish","type":"page","link":"https:\/\/nbamenage.com\/en\/blog\/","title":{"rendered":"Blog"},"content":{"rendered":"<div data-elementor-type=\"wp-page\" data-elementor-id=\"1891\" class=\"elementor elementor-1891\" data-elementor-post-type=\"page\">\n\t\t\t\t<div class=\"elementor-element elementor-element-5ef7019 e-flex e-con-boxed e-con e-parent\" data-id=\"5ef7019\" data-element_type=\"container\" data-e-type=\"container\" data-settings=\"{&quot;background_background&quot;:&quot;classic&quot;}\">\n\t\t\t\t\t<div class=\"e-con-inner\">\n\t\t\t\t<div class=\"elementor-element elementor-element-5810600 elementor-widget elementor-widget-heading\" data-id=\"5810600\" data-element_type=\"widget\" data-e-type=\"widget\" data-widget_type=\"heading.default\">\n\t\t\t\t<div class=\"elementor-widget-container\">\n\t\t\t\t\t<h1 class=\"elementor-heading-title elementor-size-default\">Blog \u2013 NBA Cleaning Inc<\/h1>\t\t\t\t<\/div>\n\t\t\t\t<\/div>\n\t\t\t\t<div class=\"elementor-element elementor-element-de75431 elementor-widget elementor-widget-text-editor\" data-id=\"de75431\" data-element_type=\"widget\" data-e-type=\"widget\" data-widget_type=\"text-editor.default\">\n\t\t\t\t<div class=\"elementor-widget-container\">\n\t\t\t\t\t\t\t\t\t<p>Welcome to the <strong data-start=\"274\" data-end=\"300\">blog NBA Cleaning Inc<\/strong>your source of tips, tricks and news to keep your spaces clean, healthy, and enjoyable. Whether you are an individual or a professional, our articles will help you to improve your life and make the most of your environment.<\/p>\t\t\t\t\t\t\t\t<\/div>\n\t\t\t\t<\/div>\n\t\t\t\t\t<\/div>\n\t\t\t\t<\/div>\n\t\t<div class=\"elementor-element elementor-element-907eebe e-flex e-con-boxed e-con e-parent\" data-id=\"907eebe\" data-element_type=\"container\" data-e-type=\"container\">\n\t\t\t\t\t<div class=\"e-con-inner\">\n\t\t<div class=\"elementor-element elementor-element-0b7cbde e-con-full e-flex e-con e-child\" data-id=\"0b7cbde\" data-element_type=\"container\" data-e-type=\"container\">\n\t\t\t\t<div class=\"elementor-element elementor-element-da1a5d8 elementor-grid-eael-col-4 elementor-grid-tablet-eael-col-2 elementor-grid-mobile-eael-col-1 elementor-widget elementor-widget-eael-post-grid\" data-id=\"da1a5d8\" data-element_type=\"widget\" data-e-type=\"widget\" data-settings=\"{&quot;eael_post_grid_columns&quot;:&quot;eael-col-4&quot;,&quot;eael_post_grid_columns_tablet&quot;:&quot;eael-col-2&quot;,&quot;eael_post_grid_columns_mobile&quot;:&quot;eael-col-1&quot;}\" data-widget_type=\"eael-post-grid.default\">\n\t\t\t\t<div class=\"elementor-widget-container\">\n\t\t\t\t\t<div id=\"eael-post-grid-da1a5d8\" class=\"eael-post-grid-container\">\n            <div class=\"eael-post-grid eael-post-appender eael-post-appender-da1a5d8 eael-post-grid-style-one\" data-layout-mode=\"masonry\"><article class=\"eael-grid-post  eael-post-grid-column eael-pg-post-1954 category-nba-menage-conseils-uncategorized tags-desinfection-residentielle-entretien-regulier-maison-nettoyage-commercial-montreal\" data-id=\"1954\">\n        <div class=\"eael-grid-post-holder\">\n            <div class=\"eael-grid-post-holder-inner\"><div class=\"eael-entry-media\"><div class=\"eael-entry-overlay fade-in\"><i class=\"fas fa-long-arrow-alt-right\" aria-hidden=\"true\"><\/i><a href=\"https:\/\/nbamenage.com\/en\/comment-garder-votre-maison-saine-et-propre-a-montreal-toute-lannee\/\"><\/a><\/div><div class=\"eael-entry-thumbnail\">\n                <img fetchpriority=\"high\" decoding=\"async\" width=\"300\" height=\"300\" src=\"https:\/\/nbamenage.com\/wp-content\/uploads\/2026\/01\/WhatsApp-Image-2026-01-05-at-23.15.50-300x300.jpeg\" class=\"attachment-medium size-medium wp-image-1948\" alt=\"\" srcset=\"https:\/\/nbamenage.com\/wp-content\/uploads\/2026\/01\/WhatsApp-Image-2026-01-05-at-23.15.50-300x300.jpeg 300w, https:\/\/nbamenage.com\/wp-content\/uploads\/2026\/01\/WhatsApp-Image-2026-01-05-at-23.15.50-1024x1024.jpeg 1024w, https:\/\/nbamenage.com\/wp-content\/uploads\/2026\/01\/WhatsApp-Image-2026-01-05-at-23.15.50-150x150.jpeg 150w, https:\/\/nbamenage.com\/wp-content\/uploads\/2026\/01\/WhatsApp-Image-2026-01-05-at-23.15.50-768x768.jpeg 768w\" sizes=\"(max-width: 300px) 100vw, 300px\" \/>\n            <\/div>\n        <\/div><div class=\"eael-entry-wrapper\"><header class=\"eael-entry-header\"><h2 class=\"eael-entry-title\"><a class=\"eael-grid-post-link\" href=\"https:\/\/nbamenage.com\/en\/comment-garder-votre-maison-saine-et-propre-a-montreal-toute-lannee\/\" title=\"How to keep your home healthy and clean to Montreal year-round\">How to keep your home healthy and clean to Montreal year-round<\/a><\/h2><\/header><div class=\"eael-entry-content\">\n                        <div class=\"eael-grid-post-excerpt\"><a href=\"https:\/\/nbamenage.com\/en\/comment-garder-votre-maison-saine-et-propre-a-montreal-toute-lannee\/\" class=\"eael-post-elements-readmore-btn\">Read More<\/a><\/div>\n                    <\/div><\/div><\/div>\n        <\/div>\n    <\/article><article class=\"eael-grid-post  eael-post-grid-column eael-pg-post-1646 category-uncategorized-nba-menage-conseils tags-desinfection-des-surfaces-entreprise-de-nettoyage-montreal-nettoyage-residentiel-montreal\" data-id=\"1646\">\n        <div class=\"eael-grid-post-holder\">\n            <div class=\"eael-grid-post-holder-inner\"><div class=\"eael-entry-media\"><div class=\"eael-entry-overlay fade-in\"><i class=\"fas fa-long-arrow-alt-right\" aria-hidden=\"true\"><\/i><a href=\"https:\/\/nbamenage.com\/en\/pourquoi-un-nettoyage-professionnel-ameliore-votre-bien-etre-au-quotidien\/\"><\/a><\/div><div class=\"eael-entry-thumbnail\">\n                <img decoding=\"async\" width=\"300\" height=\"300\" src=\"https:\/\/nbamenage.com\/wp-content\/uploads\/2026\/01\/ChatGPT-Image-Jan-3-2026-11_12_45-PM-300x300.png\" class=\"attachment-medium size-medium wp-image-1730\" alt=\"\" srcset=\"https:\/\/nbamenage.com\/wp-content\/uploads\/2026\/01\/ChatGPT-Image-Jan-3-2026-11_12_45-PM-300x300.png 300w, https:\/\/nbamenage.com\/wp-content\/uploads\/2026\/01\/ChatGPT-Image-Jan-3-2026-11_12_45-PM-1024x1024.png 1024w, https:\/\/nbamenage.com\/wp-content\/uploads\/2026\/01\/ChatGPT-Image-Jan-3-2026-11_12_45-PM-150x150.png 150w, https:\/\/nbamenage.com\/wp-content\/uploads\/2026\/01\/ChatGPT-Image-Jan-3-2026-11_12_45-PM-768x768.png 768w\" sizes=\"(max-width: 300px) 100vw, 300px\" \/>\n            <\/div>\n        <\/div><div class=\"eael-entry-wrapper\"><header class=\"eael-entry-header\"><h2 class=\"eael-entry-title\"><a class=\"eael-grid-post-link\" href=\"https:\/\/nbamenage.com\/en\/pourquoi-un-nettoyage-professionnel-ameliore-votre-bien-etre-au-quotidien\/\" title=\"Why a professional cleaning improves your well-being in their daily lives\">Why a professional cleaning improves your well-being in their daily lives<\/a><\/h2><\/header><div class=\"eael-entry-content\">\n                        <div class=\"eael-grid-post-excerpt\"><a href=\"https:\/\/nbamenage.com\/en\/pourquoi-un-nettoyage-professionnel-ameliore-votre-bien-etre-au-quotidien\/\" class=\"eael-post-elements-readmore-btn\">Read More<\/a><\/div>\n                    <\/div><\/div><\/div>\n        <\/div>\n    <\/article><\/div>\n            <div class=\"clearfix\"><\/div>\n        <\/div>\t\t\t\t<\/div>\n\t\t\t\t<\/div>\n\t\t\t\t<\/div>\n\t\t\t\t\t<\/div>\n\t\t\t\t<\/div>\n\t\t<div class=\"elementor-element elementor-element-ea9b359 e-flex e-con-boxed e-con e-parent\" data-id=\"ea9b359\" data-element_type=\"container\" data-e-type=\"container\" data-settings=\"{&quot;background_background&quot;:&quot;classic&quot;}\">\n\t\t\t\t\t<div class=\"e-con-inner\">\n\t\t<div class=\"elementor-element elementor-element-ff98cc9 e-con-full e-flex e-con e-child\" data-id=\"ff98cc9\" data-element_type=\"container\" data-e-type=\"container\">\n\t\t\t\t<div class=\"elementor-element elementor-element-25f7d06 elementor-widget elementor-widget-heading\" data-id=\"25f7d06\" data-element_type=\"widget\" data-e-type=\"widget\" data-widget_type=\"heading.default\">\n\t\t\t\t<div class=\"elementor-widget-container\">\n\t\t\t\t\t<h2 class=\"elementor-heading-title elementor-size-default\">Make your business shine !<\/h2>\t\t\t\t<\/div>\n\t\t\t\t<\/div>\n\t\t\t\t<div class=\"elementor-element elementor-element-08a6fba elementor-widget elementor-widget-text-editor\" data-id=\"08a6fba\" data-element_type=\"widget\" data-e-type=\"widget\" data-widget_type=\"text-editor.default\">\n\t\t\t\t<div class=\"elementor-widget-container\">\n\t\t\t\t\t\t\t\t\t<p>Transform your business into a place sparkling clean, and efficient. Book our cleaning service business right now and stand out with a professional environment to be exceptional.<\/p>\t\t\t\t\t\t\t\t<\/div>\n\t\t\t\t<\/div>\n\t\t\t\t<div class=\"elementor-element elementor-element-2027d01 elementor-widget elementor-widget-button\" data-id=\"2027d01\" data-element_type=\"widget\" data-e-type=\"widget\" data-widget_type=\"button.default\">\n\t\t\t\t<div class=\"elementor-widget-container\">\n\t\t\t\t\t\t\t\t\t<div class=\"elementor-button-wrapper\">\n\t\t\t\t\t<a class=\"elementor-button elementor-button-link elementor-size-sm\" href=\"https:\/\/nbamenage.com\/en\/soumission-gratuite\/\">\n\t\t\t\t\t\t<span class=\"elementor-button-content-wrapper\">\n\t\t\t\t\t\t\t\t\t<span class=\"elementor-button-text\">Free Quote<\/span>\n\t\t\t\t\t<\/span>\n\t\t\t\t\t<\/a>\n\t\t\t\t<\/div>\n\t\t\t\t\t\t\t\t<\/div>\n\t\t\t\t<\/div>\n\t\t\t\t<\/div>\n\t\t\t\t\t<\/div>\n\t\t\t\t<\/div>\n\t\t\t\t<\/div>","protected":false},"excerpt":{"rendered":"<p>Blog \u2013 NBA M\u00e9nage Inc Bienvenue sur le blog de NBA M\u00e9nage Inc, votre source de conseils, astuces et actualit\u00e9s [&hellip;]<\/p>\n","protected":false},"author":1,"featured_media":0,"parent":0,"menu_order":0,"comment_status":"closed","ping_status":"closed","template":"","meta":{"site-sidebar-layout":"no-sidebar","site-content-layout":"","ast-site-content-layout":"full-width-container","site-content-style":"unboxed","site-sidebar-style":"unboxed","ast-global-header-display":"","ast-banner-title-visibility":"","ast-main-header-display":"","ast-hfb-above-header-display":"","ast-hfb-below-header-display":"","ast-hfb-mobile-header-display":"","site-post-title":"disabled","ast-breadcrumbs-content":"","ast-featured-img":"disabled","footer-sml-layout":"","ast-disable-related-posts":"","theme-transparent-header-meta":"enabled","adv-header-id-meta":"","stick-header-meta":"","header-above-stick-meta":"","header-main-stick-meta":"","header-below-stick-meta":"","astra-migrate-meta-layouts":"default","ast-page-background-enabled":"default","ast-page-background-meta":{"desktop":{"background-color":"var(--ast-global-color-4)","background-image":"","background-repeat":"repeat","background-position":"center center","background-size":"auto","background-attachment":"scroll","background-type":"","background-media":"","overlay-type":"","overlay-color":"","overlay-opacity":"","overlay-gradient":""},"tablet":{"background-color":"","background-image":"","background-repeat":"repeat","background-position":"center center","background-size":"auto","background-attachment":"scroll","background-type":"","background-media":"","overlay-type":"","overlay-color":"","overlay-opacity":"","overlay-gradient":""},"mobile":{"background-color":"","background-image":"","background-repeat":"repeat","background-position":"center center","background-size":"auto","background-attachment":"scroll","background-type":"","background-media":"","overlay-type":"","overlay-color":"","overlay-opacity":"","overlay-gradient":""}},"ast-content-background-meta":{"desktop":{"background-color":"var(--ast-global-color-5)","background-image":"","background-repeat":"repeat","background-position":"center center","background-size":"auto","background-attachment":"scroll","background-type":"","background-media":"","overlay-type":"","overlay-color":"","overlay-opacity":"","overlay-gradient":""},"tablet":{"background-color":"var(--ast-global-color-5)","background-image":"","background-repeat":"repeat","background-position":"center center","background-size":"auto","background-attachment":"scroll","background-type":"","background-media":"","overlay-type":"","overlay-color":"","overlay-opacity":"","overlay-gradient":""},"mobile":{"background-color":"var(--ast-global-color-5)","background-image":"","background-repeat":"repeat","background-position":"center center","background-size":"auto","background-attachment":"scroll","background-type":"","background-media":"","overlay-type":"","overlay-color":"","overlay-opacity":"","overlay-gradient":""}},"footnotes":""},"class_list":["post-1891","page","type-page","status-publish","hentry"],"_hostinger_reach_plugin_has_subscription_block":false,"_hostinger_reach_plugin_is_elementor":false,"_links":{"self":[{"href":"https:\/\/nbamenage.com\/en\/wp-json\/wp\/v2\/pages\/1891","targetHints":{"allow":["GET"]}}],"collection":[{"href":"https:\/\/nbamenage.com\/en\/wp-json\/wp\/v2\/pages"}],"about":[{"href":"https:\/\/nbamenage.com\/en\/wp-json\/wp\/v2\/types\/page"}],"author":[{"embeddable":true,"href":"https:\/\/nbamenage.com\/en\/wp-json\/wp\/v2\/users\/1"}],"replies":[{"embeddable":true,"href":"https:\/\/nbamenage.com\/en\/wp-json\/wp\/v2\/comments?post=1891"}],"version-history":[{"count":13,"href":"https:\/\/nbamenage.com\/en\/wp-json\/wp\/v2\/pages\/1891\/revisions"}],"predecessor-version":[{"id":1946,"href":"https:\/\/nbamenage.com\/en\/wp-json\/wp\/v2\/pages\/1891\/revisions\/1946"}],"wp:attachment":[{"href":"https:\/\/nbamenage.com\/en\/wp-json\/wp\/v2\/media?parent=1891"}],"curies":[{"name":"wp","href":"https:\/\/api.w.org\/{rel}","templated":true}]}}