{"id":16,"date":"2026-01-04T23:23:36","date_gmt":"2026-01-04T23:23:36","guid":{"rendered":"https:\/\/nbamenage.com\/about\/"},"modified":"2026-01-05T22:04:57","modified_gmt":"2026-01-05T22:04:57","slug":"a-propos","status":"publish","type":"page","link":"https:\/\/nbamenage.com\/en\/a-propos\/","title":{"rendered":"About"},"content":{"rendered":"<div data-elementor-type=\"wp-page\" data-elementor-id=\"16\" class=\"elementor elementor-16\" data-elementor-post-type=\"page\">\n\t\t\t\t<div class=\"elementor-element elementor-element-5ef7019 e-flex e-con-boxed e-con e-parent\" data-id=\"5ef7019\" data-element_type=\"container\" data-e-type=\"container\" data-settings=\"{&quot;background_background&quot;:&quot;classic&quot;}\">\n\t\t\t\t\t<div class=\"e-con-inner\">\n\t\t\t\t<div class=\"elementor-element elementor-element-5810600 elementor-widget elementor-widget-heading\" data-id=\"5810600\" data-element_type=\"widget\" data-e-type=\"widget\" data-widget_type=\"heading.default\">\n\t\t\t\t<div class=\"elementor-widget-container\">\n\t\t\t\t\t<h1 class=\"elementor-heading-title elementor-size-default\">About the NBA Household<\/h1>\t\t\t\t<\/div>\n\t\t\t\t<\/div>\n\t\t\t\t<div class=\"elementor-element elementor-element-de75431 elementor-widget elementor-widget-text-editor\" data-id=\"de75431\" data-element_type=\"widget\" data-e-type=\"widget\" data-widget_type=\"text-editor.default\">\n\t\t\t\t<div class=\"elementor-widget-container\">\n\t\t\t\t\t\t\t\t\t<p>At <strong data-start=\"223\" data-end=\"237\">NBA Household<\/strong>we believe that a clean space is essential for your well-being, your comfort and your peace of mind. Based in Canada, we offer <strong data-start=\"388\" data-end=\"480\">cleaning services for residential and commercial reliable, professional and personalized<\/strong>suited to your needs and to your schedule.<\/p>\t\t\t\t\t\t\t\t<\/div>\n\t\t\t\t<\/div>\n\t\t\t\t\t<\/div>\n\t\t\t\t<\/div>\n\t\t<div class=\"elementor-element elementor-element-44b6349 e-flex e-con-boxed e-con e-parent\" data-id=\"44b6349\" data-element_type=\"container\" data-e-type=\"container\">\n\t\t\t\t\t<div class=\"e-con-inner\">\n\t\t<div class=\"elementor-element elementor-element-c7c4c4a e-con-full e-flex e-con e-child\" data-id=\"c7c4c4a\" data-element_type=\"container\" data-e-type=\"container\">\n\t\t<div class=\"elementor-element elementor-element-2c1474f e-con-full e-flex e-con e-child\" data-id=\"2c1474f\" data-element_type=\"container\" data-e-type=\"container\">\n\t\t\t\t<div class=\"elementor-element elementor-element-120abac elementor-widget elementor-widget-heading\" data-id=\"120abac\" data-element_type=\"widget\" data-e-type=\"widget\" data-widget_type=\"heading.default\">\n\t\t\t\t<div class=\"elementor-widget-container\">\n\t\t\t\t\t<h2 class=\"elementor-heading-title elementor-size-default\">Our expertise<\/h2>\t\t\t\t<\/div>\n\t\t\t\t<\/div>\n\t\t\t\t<\/div>\n\t\t<div class=\"elementor-element elementor-element-5ae1c26 e-con-full e-flex e-con e-child\" data-id=\"5ae1c26\" data-element_type=\"container\" data-e-type=\"container\">\n\t\t\t\t<div class=\"elementor-element elementor-element-a97b63f elementor-widget elementor-widget-text-editor\" data-id=\"a97b63f\" data-element_type=\"widget\" data-e-type=\"widget\" data-widget_type=\"text-editor.default\">\n\t\t\t\t<div class=\"elementor-widget-container\">\n\t\t\t\t\t\t\t\t\t<p data-start=\"672\" data-end=\"766\">Thanks to a team of trained, experienced and careful, we operate with efficiency to :<\/p><ul data-start=\"768\" data-end=\"988\"><li data-start=\"768\" data-end=\"823\"><p data-start=\"770\" data-end=\"823\">Residential cleaning (houses, apartments, condos)<\/p><\/li><li data-start=\"824\" data-end=\"885\"><p data-start=\"826\" data-end=\"885\">Regular cleaning (weekly, bi-weekly, monthly)<\/p><\/li><li data-start=\"886\" data-end=\"911\"><p data-start=\"888\" data-end=\"911\">Deep cleaning<\/p><\/li><li data-start=\"912\" data-end=\"942\"><p data-start=\"914\" data-end=\"942\">Cleaning after moving house<\/p><\/li><li data-start=\"943\" data-end=\"988\"><p data-start=\"945\" data-end=\"988\">Cleaning of offices and commercial spaces<\/p><\/li><\/ul><p data-start=\"990\" data-end=\"1116\">We use <strong data-start=\"1009\" data-end=\"1059\">safe products and modern methods<\/strong>respect for your health and your environment.<\/p>\t\t\t\t\t\t\t\t<\/div>\n\t\t\t\t<\/div>\n\t\t\t\t<\/div>\n\t\t\t\t<\/div>\n\t\t\t\t<div class=\"elementor-element elementor-element-df46f25 elementor-widget elementor-widget-image\" data-id=\"df46f25\" data-element_type=\"widget\" data-e-type=\"widget\" data-widget_type=\"image.default\">\n\t\t\t\t<div class=\"elementor-widget-container\">\n\t\t\t\t\t\t\t\t\t\t\t\t\t\t\t<img decoding=\"async\" src=\"https:\/\/nbamenage.com\/wp-content\/uploads\/elementor\/thumbs\/ChatGPT-Image-Jan-3-2026-10_48_39-PM-rh4pn7grj8dk444t0rv7ix7abliwrufkb76xgqydb4.png\" title=\"ChatGPT Image Jan 3, 2026, 10_48_39 PM\" alt=\"NBA NBA M\u00e9nage NbaMenage jan pro cleaning\" loading=\"lazy\" \/>\t\t\t\t\t\t\t\t\t\t\t\t\t\t\t<\/div>\n\t\t\t\t<\/div>\n\t\t\t\t\t<\/div>\n\t\t\t\t<\/div>\n\t\t<div class=\"elementor-element elementor-element-7dd9593 e-flex e-con-boxed e-con e-parent\" data-id=\"7dd9593\" data-element_type=\"container\" data-e-type=\"container\" data-settings=\"{&quot;background_background&quot;:&quot;classic&quot;}\">\n\t\t\t\t\t<div class=\"e-con-inner\">\n\t\t<div class=\"elementor-element elementor-element-10b297c e-con-full e-flex e-con e-child\" data-id=\"10b297c\" data-element_type=\"container\" data-e-type=\"container\">\n\t\t<div class=\"elementor-element elementor-element-e3e1e11 e-con-full e-flex e-con e-child\" data-id=\"e3e1e11\" data-element_type=\"container\" data-e-type=\"container\">\n\t\t<div class=\"elementor-element elementor-element-d6471ca e-con-full e-flex e-con e-child\" data-id=\"d6471ca\" data-element_type=\"container\" data-e-type=\"container\">\n\t\t\t\t<div class=\"elementor-element elementor-element-e34eaa6 elementor-widget elementor-widget-heading\" data-id=\"e34eaa6\" data-element_type=\"widget\" data-e-type=\"widget\" data-widget_type=\"heading.default\">\n\t\t\t\t<div class=\"elementor-widget-container\">\n\t\t\t\t\t<h2 class=\"elementor-heading-title elementor-size-default\">+2<\/h2>\t\t\t\t<\/div>\n\t\t\t\t<\/div>\n\t\t\t\t<\/div>\n\t\t<div class=\"elementor-element elementor-element-b745730 e-con-full e-flex e-con e-child\" data-id=\"b745730\" data-element_type=\"container\" data-e-type=\"container\">\n\t\t\t\t<div class=\"elementor-element elementor-element-2f0c340 elementor-widget elementor-widget-text-editor\" data-id=\"2f0c340\" data-element_type=\"widget\" data-e-type=\"widget\" data-widget_type=\"text-editor.default\">\n\t\t\t\t<div class=\"elementor-widget-container\">\n\t\t\t\t\t\t\t\t\t<p>Years of experience<\/p>\t\t\t\t\t\t\t\t<\/div>\n\t\t\t\t<\/div>\n\t\t\t\t<\/div>\n\t\t\t\t<\/div>\n\t\t<div class=\"elementor-element elementor-element-76c0d49 e-con-full e-flex e-con e-child\" data-id=\"76c0d49\" data-element_type=\"container\" data-e-type=\"container\">\n\t\t<div class=\"elementor-element elementor-element-4877c15 e-con-full e-flex e-con e-child\" data-id=\"4877c15\" data-element_type=\"container\" data-e-type=\"container\">\n\t\t\t\t<div class=\"elementor-element elementor-element-bba7071 elementor-widget elementor-widget-heading\" data-id=\"bba7071\" data-element_type=\"widget\" data-e-type=\"widget\" data-widget_type=\"heading.default\">\n\t\t\t\t<div class=\"elementor-widget-container\">\n\t\t\t\t\t<h2 class=\"elementor-heading-title elementor-size-default\">10<\/h2>\t\t\t\t<\/div>\n\t\t\t\t<\/div>\n\t\t\t\t<\/div>\n\t\t<div class=\"elementor-element elementor-element-7fb2460 e-con-full e-flex e-con e-child\" data-id=\"7fb2460\" data-element_type=\"container\" data-e-type=\"container\">\n\t\t\t\t<div class=\"elementor-element elementor-element-44f97d1 elementor-widget elementor-widget-text-editor\" data-id=\"44f97d1\" data-element_type=\"widget\" data-e-type=\"widget\" data-widget_type=\"text-editor.default\">\n\t\t\t\t<div class=\"elementor-widget-container\">\n\t\t\t\t\t\t\t\t\t<p>Satisfied customers all across Canada<\/p>\t\t\t\t\t\t\t\t<\/div>\n\t\t\t\t<\/div>\n\t\t\t\t<\/div>\n\t\t\t\t<\/div>\n\t\t<div class=\"elementor-element elementor-element-c7886b8 e-con-full e-flex e-con e-child\" data-id=\"c7886b8\" data-element_type=\"container\" data-e-type=\"container\">\n\t\t<div class=\"elementor-element elementor-element-f6d1e86 e-con-full e-flex e-con e-child\" data-id=\"f6d1e86\" data-element_type=\"container\" data-e-type=\"container\">\n\t\t\t\t<div class=\"elementor-element elementor-element-f2885ae elementor-widget elementor-widget-heading\" data-id=\"f2885ae\" data-element_type=\"widget\" data-e-type=\"widget\" data-widget_type=\"heading.default\">\n\t\t\t\t<div class=\"elementor-widget-container\">\n\t\t\t\t\t<h2 class=\"elementor-heading-title elementor-size-default\">30<\/h2>\t\t\t\t<\/div>\n\t\t\t\t<\/div>\n\t\t\t\t<\/div>\n\t\t<div class=\"elementor-element elementor-element-abf5a70 e-con-full e-flex e-con e-child\" data-id=\"abf5a70\" data-element_type=\"container\" data-e-type=\"container\">\n\t\t\t\t<div class=\"elementor-element elementor-element-481372f elementor-widget elementor-widget-text-editor\" data-id=\"481372f\" data-element_type=\"widget\" data-e-type=\"widget\" data-widget_type=\"text-editor.default\">\n\t\t\t\t<div class=\"elementor-widget-container\">\n\t\t\t\t\t\t\t\t\t<p>Completed projects<\/p>\t\t\t\t\t\t\t\t<\/div>\n\t\t\t\t<\/div>\n\t\t\t\t<\/div>\n\t\t\t\t<\/div>\n\t\t\t\t<\/div>\n\t\t\t\t\t<\/div>\n\t\t\t\t<\/div>\n\t\t<div class=\"elementor-element elementor-element-907eebe e-flex e-con-boxed e-con e-parent\" data-id=\"907eebe\" data-element_type=\"container\" data-e-type=\"container\">\n\t\t\t\t\t<div class=\"e-con-inner\">\n\t\t<div class=\"elementor-element elementor-element-0b7cbde e-con-full e-flex e-con e-child\" data-id=\"0b7cbde\" data-element_type=\"container\" data-e-type=\"container\">\n\t\t\t\t<div class=\"elementor-element elementor-element-0373e4c elementor-widget elementor-widget-image\" data-id=\"0373e4c\" data-element_type=\"widget\" data-e-type=\"widget\" data-widget_type=\"image.default\">\n\t\t\t\t<div class=\"elementor-widget-container\">\n\t\t\t\t\t\t\t\t\t\t\t\t\t\t\t<img decoding=\"async\" src=\"https:\/\/nbamenage.com\/wp-content\/uploads\/elementor\/thumbs\/ChatGPT-Image-Jan-3-2026-11_07_24-PM-rh4qcmzcrkxomnbg3dzecxdnc9piabd7em0lr7hpeg.png\" title=\"residential cleaning Montreal\" alt=\"nettoyage r\u00e9sidentiel Montr\u00e9al entreprise de nettoyage au Canada\" loading=\"lazy\" \/>\t\t\t\t\t\t\t\t\t\t\t\t\t\t\t<\/div>\n\t\t\t\t<\/div>\n\t\t\t\t<\/div>\n\t\t<div class=\"elementor-element elementor-element-a631947 e-con-full e-flex e-con e-child\" data-id=\"a631947\" data-element_type=\"container\" data-e-type=\"container\">\n\t\t\t\t<div class=\"elementor-element elementor-element-a00fddf elementor-widget elementor-widget-heading\" data-id=\"a00fddf\" data-element_type=\"widget\" data-e-type=\"widget\" data-widget_type=\"heading.default\">\n\t\t\t\t<div class=\"elementor-widget-container\">\n\t\t\t\t\t<h2 class=\"elementor-heading-title elementor-size-default\">Why choose NBA Household ?<\/h2>\t\t\t\t<\/div>\n\t\t\t\t<\/div>\n\t\t\t\t<div class=\"elementor-element elementor-element-fc08a90 elementor-widget elementor-widget-text-editor\" data-id=\"fc08a90\" data-element_type=\"widget\" data-e-type=\"widget\" data-widget_type=\"text-editor.default\">\n\t\t\t\t<div class=\"elementor-widget-container\">\n\t\t\t\t\t\t\t\t\t<p data-start=\"1157\" data-end=\"1346\">\u2714 Professional Service and punctual<br data-start=\"1192\" data-end=\"1195\" \/>\u2714 Team of trusted and insured<br data-start=\"1227\" data-end=\"1230\" \/>\u2714 Prices are transparent and competitive<br data-start=\"1266\" data-end=\"1269\" \/>\u2714 Cleaning customized according to your needs<br data-start=\"1311\" data-end=\"1314\" \/>\u2714 Customer Satisfaction guarantee<\/p><p data-start=\"1348\" data-end=\"1431\">Each operation is carried out with the same goal : <strong data-start=\"1405\" data-end=\"1430\">exceed your expectations<\/strong>.<\/p>\t\t\t\t\t\t\t\t<\/div>\n\t\t\t\t<\/div>\n\t\t\t\t<div class=\"elementor-element elementor-element-5652ba1 elementor-widget-divider--view-line elementor-widget elementor-widget-divider\" data-id=\"5652ba1\" data-element_type=\"widget\" data-e-type=\"widget\" data-widget_type=\"divider.default\">\n\t\t\t\t<div class=\"elementor-widget-container\">\n\t\t\t\t\t\t\t<div class=\"elementor-divider\">\n\t\t\t<span class=\"elementor-divider-separator\">\n\t\t\t\t\t\t<\/span>\n\t\t<\/div>\n\t\t\t\t\t\t<\/div>\n\t\t\t\t<\/div>\n\t\t\t\t<div class=\"elementor-element elementor-element-584924a elementor-widget elementor-widget-heading\" data-id=\"584924a\" data-element_type=\"widget\" data-e-type=\"widget\" data-widget_type=\"heading.default\">\n\t\t\t\t<div class=\"elementor-widget-container\">\n\t\t\t\t\t<h2 class=\"elementor-heading-title elementor-size-default\">Our commitment<\/h2>\t\t\t\t<\/div>\n\t\t\t\t<\/div>\n\t\t\t\t<div class=\"elementor-element elementor-element-41851e5 elementor-widget elementor-widget-text-editor\" data-id=\"41851e5\" data-element_type=\"widget\" data-e-type=\"widget\" data-widget_type=\"text-editor.default\">\n\t\t\t\t<div class=\"elementor-widget-container\">\n\t\t\t\t\t\t\t\t\t<p data-start=\"1786\" data-end=\"1816\">We are committed to providing :<\/p><ul data-start=\"1817\" data-end=\"1965\"><li data-start=\"1817\" data-end=\"1848\"><p data-start=\"1819\" data-end=\"1848\">A meticulous and constant<\/p><\/li><li data-start=\"1849\" data-end=\"1883\"><p data-start=\"1851\" data-end=\"1883\">A total respect of your space<\/p><\/li><li data-start=\"1884\" data-end=\"1929\"><p data-start=\"1886\" data-end=\"1929\">Clear communication and professional<\/p><\/li><li data-start=\"1930\" data-end=\"1965\"><p data-start=\"1932\" data-end=\"1965\">A customer experience stress-free<\/p><\/li><\/ul>\t\t\t\t\t\t\t\t<\/div>\n\t\t\t\t<\/div>\n\t\t\t\t<\/div>\n\t\t\t\t\t<\/div>\n\t\t\t\t<\/div>\n\t\t<div class=\"elementor-element elementor-element-ea9b359 e-flex e-con-boxed e-con e-parent\" data-id=\"ea9b359\" data-element_type=\"container\" data-e-type=\"container\" data-settings=\"{&quot;background_background&quot;:&quot;classic&quot;}\">\n\t\t\t\t\t<div class=\"e-con-inner\">\n\t\t<div class=\"elementor-element elementor-element-ff98cc9 e-con-full e-flex e-con e-child\" data-id=\"ff98cc9\" data-element_type=\"container\" data-e-type=\"container\">\n\t\t\t\t<div class=\"elementor-element elementor-element-25f7d06 elementor-widget elementor-widget-heading\" data-id=\"25f7d06\" data-element_type=\"widget\" data-e-type=\"widget\" data-widget_type=\"heading.default\">\n\t\t\t\t<div class=\"elementor-widget-container\">\n\t\t\t\t\t<h2 class=\"elementor-heading-title elementor-size-default\">Make your business shine !<\/h2>\t\t\t\t<\/div>\n\t\t\t\t<\/div>\n\t\t\t\t<div class=\"elementor-element elementor-element-08a6fba elementor-widget elementor-widget-text-editor\" data-id=\"08a6fba\" data-element_type=\"widget\" data-e-type=\"widget\" data-widget_type=\"text-editor.default\">\n\t\t\t\t<div class=\"elementor-widget-container\">\n\t\t\t\t\t\t\t\t\t<p>Transform your business into a place sparkling clean, and efficient. Book our cleaning service business right now and stand out with a professional environment to be exceptional.<\/p>\t\t\t\t\t\t\t\t<\/div>\n\t\t\t\t<\/div>\n\t\t\t\t<div class=\"elementor-element elementor-element-2027d01 elementor-widget elementor-widget-button\" data-id=\"2027d01\" data-element_type=\"widget\" data-e-type=\"widget\" data-widget_type=\"button.default\">\n\t\t\t\t<div class=\"elementor-widget-container\">\n\t\t\t\t\t\t\t\t\t<div class=\"elementor-button-wrapper\">\n\t\t\t\t\t<a class=\"elementor-button elementor-button-link elementor-size-sm\" href=\"https:\/\/nbamenage.com\/en\/soumission-gratuite\/\">\n\t\t\t\t\t\t<span class=\"elementor-button-content-wrapper\">\n\t\t\t\t\t\t\t\t\t<span class=\"elementor-button-text\">Free Quote<\/span>\n\t\t\t\t\t<\/span>\n\t\t\t\t\t<\/a>\n\t\t\t\t<\/div>\n\t\t\t\t\t\t\t\t<\/div>\n\t\t\t\t<\/div>\n\t\t\t\t<\/div>\n\t\t\t\t\t<\/div>\n\t\t\t\t<\/div>\n\t\t\t\t<\/div>","protected":false},"excerpt":{"rendered":"<p>\u00c0 propos de NBA M\u00e9nage Chez NBA M\u00e9nage, nous croyons qu\u2019un espace propre est essentiel pour votre bien-\u00eatre, votre confort [&hellip;]<\/p>\n","protected":false},"author":1,"featured_media":0,"parent":0,"menu_order":0,"comment_status":"closed","ping_status":"closed","template":"","meta":{"site-sidebar-layout":"no-sidebar","site-content-layout":"","ast-site-content-layout":"full-width-container","site-content-style":"unboxed","site-sidebar-style":"unboxed","ast-global-header-display":"","ast-banner-title-visibility":"","ast-main-header-display":"","ast-hfb-above-header-display":"","ast-hfb-below-header-display":"","ast-hfb-mobile-header-display":"","site-post-title":"disabled","ast-breadcrumbs-content":"","ast-featured-img":"disabled","footer-sml-layout":"","ast-disable-related-posts":"","theme-transparent-header-meta":"enabled","adv-header-id-meta":"","stick-header-meta":"","header-above-stick-meta":"","header-main-stick-meta":"","header-below-stick-meta":"","astra-migrate-meta-layouts":"default","ast-page-background-enabled":"default","ast-page-background-meta":{"desktop":{"background-color":"var(--ast-global-color-4)","background-image":"","background-repeat":"repeat","background-position":"center center","background-size":"auto","background-attachment":"scroll","background-type":"","background-media":"","overlay-type":"","overlay-color":"","overlay-opacity":"","overlay-gradient":""},"tablet":{"background-color":"","background-image":"","background-repeat":"repeat","background-position":"center center","background-size":"auto","background-attachment":"scroll","background-type":"","background-media":"","overlay-type":"","overlay-color":"","overlay-opacity":"","overlay-gradient":""},"mobile":{"background-color":"","background-image":"","background-repeat":"repeat","background-position":"center center","background-size":"auto","background-attachment":"scroll","background-type":"","background-media":"","overlay-type":"","overlay-color":"","overlay-opacity":"","overlay-gradient":""}},"ast-content-background-meta":{"desktop":{"background-color":"var(--ast-global-color-5)","background-image":"","background-repeat":"repeat","background-position":"center center","background-size":"auto","background-attachment":"scroll","background-type":"","background-media":"","overlay-type":"","overlay-color":"","overlay-opacity":"","overlay-gradient":""},"tablet":{"background-color":"var(--ast-global-color-5)","background-image":"","background-repeat":"repeat","background-position":"center center","background-size":"auto","background-attachment":"scroll","background-type":"","background-media":"","overlay-type":"","overlay-color":"","overlay-opacity":"","overlay-gradient":""},"mobile":{"background-color":"var(--ast-global-color-5)","background-image":"","background-repeat":"repeat","background-position":"center center","background-size":"auto","background-attachment":"scroll","background-type":"","background-media":"","overlay-type":"","overlay-color":"","overlay-opacity":"","overlay-gradient":""}},"footnotes":""},"class_list":["post-16","page","type-page","status-publish","hentry"],"_hostinger_reach_plugin_has_subscription_block":false,"_hostinger_reach_plugin_is_elementor":false,"_links":{"self":[{"href":"https:\/\/nbamenage.com\/en\/wp-json\/wp\/v2\/pages\/16","targetHints":{"allow":["GET"]}}],"collection":[{"href":"https:\/\/nbamenage.com\/en\/wp-json\/wp\/v2\/pages"}],"about":[{"href":"https:\/\/nbamenage.com\/en\/wp-json\/wp\/v2\/types\/page"}],"author":[{"embeddable":true,"href":"https:\/\/nbamenage.com\/en\/wp-json\/wp\/v2\/users\/1"}],"replies":[{"embeddable":true,"href":"https:\/\/nbamenage.com\/en\/wp-json\/wp\/v2\/comments?post=16"}],"version-history":[{"count":10,"href":"https:\/\/nbamenage.com\/en\/wp-json\/wp\/v2\/pages\/16\/revisions"}],"predecessor-version":[{"id":1932,"href":"https:\/\/nbamenage.com\/en\/wp-json\/wp\/v2\/pages\/16\/revisions\/1932"}],"wp:attachment":[{"href":"https:\/\/nbamenage.com\/en\/wp-json\/wp\/v2\/media?parent=16"}],"curies":[{"name":"wp","href":"https:\/\/api.w.org\/{rel}","templated":true}]}}